{"id":2295,"date":"2020-11-20T09:53:47","date_gmt":"2020-11-20T08:53:47","guid":{"rendered":"https:\/\/kristinawaetzel.de\/Troike\/terms\/"},"modified":"2021-02-24T18:24:57","modified_gmt":"2021-02-24T17:24:57","slug":"terms","status":"publish","type":"page","link":"https:\/\/energiebilder-seelenheilung.de\/woocommerce\/terms\/","title":{"rendered":""},"content":{"rendered":"\n<h3>Allgemeine Gesch\u00e4ftsbedingungen<\/h3>\n\n\n\n<p>1. &nbsp;&nbsp;Geltungsbereich<\/p>\n\n\n\n<p>2. &nbsp;&nbsp;Vertragspartner<\/p>\n\n\n\n<p>3. &nbsp;&nbsp;Vertragsschluss<\/p>\n\n\n\n<p>4. &nbsp;&nbsp;Widerrufsrecht<\/p>\n\n\n\n<p>5. &nbsp;&nbsp;Preise und Versandkosten<\/p>\n\n\n\n<p>6. &nbsp;&nbsp;Versand und Lieferung<\/p>\n\n\n\n<p>7. &nbsp;&nbsp;Zahlung<\/p>\n\n\n\n<p>8. &nbsp;&nbsp;Eigentumsvorbehalt<\/p>\n\n\n\n<p>9. &nbsp;&nbsp;Urheberrecht<\/p>\n\n\n\n<p>10. Streitbeilegung<\/p>\n\n\n\n<h4>1. &nbsp;&nbsp;Geltungsbereich<\/h4>\n\n\n\n<p>F\u00fcr alle Lieferungen der auf dieser Webseite angebotenen Produkte von MT Gesundheitsmanagement an Verbraucher gelten diese Allgemeinen Gesch\u00e4ftsbedingungen (AGB). Verbraucher ist jede nat\u00fcrliche Person, die ein Rechtsgesch\u00e4ft zu einem Zwecke abschlie\u00dft, der \u00fcberwiegend weder ihrer gewerblichen noch ihrer selbstst\u00e4ndigen beruflichen T\u00e4tigkeit zugerechnet werden kann.<\/p>\n\n\n\n<h4>2. &nbsp;&nbsp;Vertragspartner<\/h4>\n\n\n\n<p>Der Kaufvertrag kommt zustande mit MT Gesundheitsmanagement, Inhaber: Martina Troike, Krischan-Kreibohm-Weg 21, 22399 Hamburg.<\/p>\n\n\n\n<h4>3. &nbsp;&nbsp;Vertragsschluss<\/h4>\n\n\n\n<p>3.1 Die Darstellung der Produkte im Online-Shop stellt kein rechtlich bindendes Angebot, sondern nur eine Aufforderung zur Bestellung dar.<\/p>\n\n\n\n<p>3.2 Durch Anklicken des Buttons \u201cKostenpflichtig bestellen\u201d geben Sie eine verbindliche Bestellung der im Warenkorb gelisteten Waren ab. Ihr Kaufvertrag kommt zustande, wenn wir Ihre Bestellung durch eine Auftragsbest\u00e4tigung per E-Mail unmittelbar nach dem Erhalt Ihrer Bestellung annehmen.<\/p>\n\n\n\n<h4>4. &nbsp;&nbsp;Widerrufsrecht<\/h4>\n\n\n\n<p>4.1 Wenn Sie Verbraucher sind (also eine nat\u00fcrliche Person, die die Bestellung zu einem Zweck abgibt, der weder Ihrer gewerblichen oder selbst\u00e4ndigen beruflichen T\u00e4tigkeit zugerechnet werden kann), steht Ihnen nach Ma\u00dfgabe der gesetzlichen Bestimmungen ein Widerrufsrecht zu.<\/p>\n\n\n\n<p>4.2 Machen Sie als Verbraucher von Ihrem Widerrufsrecht nach Ziffer 4.1 Gebrauch, so haben Sie die regelm\u00e4\u00dfigen Kosten der R\u00fccksendung zu tragen.<\/p>\n\n\n\n<p>4.3 Im \u00dcbrigen gelten f\u00fcr das Widerrufsrecht die Regelungen, die im Einzelnen wiedergegeben sind in der folgenden <strong>Widerrufsbelehrung<br><br>Widerrufsrecht<br><br>Sie haben das Recht, binnen vierzehn Tagen ohne Angabe von Gr\u00fcnden diesen Vertrag zu widerrufen.<br><br>Die Widerrufsfrist betr\u00e4gt vierzehn Tage ab dem Tag, an dem Sie oder ein von Ihnen benannter Dritter, der nicht der Bef\u00f6rderer ist, die Waren in Besitz genommen haben bzw. hat.<br><br>Um Ihr Widerrufsrecht auszu\u00fcben, m\u00fcssen Sie uns (MT Gesundheitsmanagement, Inhaber: Martina Troike, Krischan-Kreibohm-Weg 21, 22399 Hamburg, eMail: martina@troike.net) mittels einer eindeutigen Erkl\u00e4rung (zB ein mit der Post versandter Brief oder E-Mail) \u00fcber Ihren Entschluss, diesen Vertrag zu widerrufen, informieren. Wir werden Ihnen <strong>dann umgehend<\/strong> (zB per E-Mail) eine Best\u00e4tigung \u00fcber den Eingang eines solchen Widerrufs \u00fcbermitteln.<br><br>Zur Wahrung der Widerrufsfrist reicht es aus, dass Sie die Mitteilung \u00fcber die Aus\u00fcbung des Widerrufsrechts vor Ablauf der Widerrufsfrist absenden.<br><br>Folgen des Widerrufs<br><br>Wenn Sie diesen Vertrag widerrufen, haben wir Ihnen alle Zahlungen, die wir von Ihnen erhalten haben, einschlie\u00dflich der Lieferkosten (mit Ausnahme der zus\u00e4tzlichen Kosten, die sich daraus ergeben, dass Sie eine andere Art der Lieferung als die von uns angebotene, g\u00fcnstigste Standardlieferung gew\u00e4hlt haben), unverz\u00fcglich und sp\u00e4testens binnen vierzehn Tagen ab dem Tag zur\u00fcckzuzahlen, an dem die Mitteilung \u00fcber Ihren Widerruf dieses Vertrags bei uns eingegangen ist. F\u00fcr diese R\u00fcckzahlung verwenden wir dasselbe Zahlungsmittel, das Sie bei der urspr\u00fcnglichen Transaktion eingesetzt haben, es sei denn, mit Ihnen wurde ausdr\u00fccklich etwas anderes vereinbart; in keinem Fall werden Ihnen wegen dieser R\u00fcckzahlung Entgelte berechnet. Wir k\u00f6nnen die R\u00fcckzahlung verweigern, bis wir die Waren wieder zur\u00fcckerhalten haben oder bis Sie den Nachweis erbracht haben, dass Sie die Waren zur\u00fcckgesandt haben, je nachdem, welches der fr\u00fchere Zeitpunkt ist.<br><br>Sie haben die Waren unverz\u00fcglich und in jedem Fall sp\u00e4testens binnen vierzehn Tagen ab dem Tag, an dem Sie uns \u00fcber den Widerruf dieses Vertrages unterrichten, an uns oder an (hier sind gegebenenfalls der Name und die Anschrift der von Ihnen zur Entgegennahme der Ware erm\u00e4chtigten Person einzuf\u00fcgen) zur\u00fcckzusenden oder zu \u00fcbergeben. Die Frist ist gewahrt, wenn Sie die Waren vor Ablauf der Frist von vierzehn Tagen absenden.<br><br>Sie tragen die unmittelbaren Kosten der R\u00fccksendung der Waren.<br><br>Sie m\u00fcssen f\u00fcr einen etwaigen Wertverlust der Waren nur aufkommen, wenn dieser Wertverlust auf einen zur Pr\u00fcfung der Beschaffenheit, Eigenschaften und Funktionsweise der Waren nicht notwendigen Umgang mit ihnen zur\u00fcckzuf\u00fchren ist.<br><br>&#8211; Ende der Widerrufsbelehrung &#8211;<\/strong><\/p>\n\n\n\n<h4>5. &nbsp;&nbsp;Preise und Versandkosten<\/h4>\n\n\n\n<p>5.1 Die auf den Produktseiten genannten Preise enthalten die gesetzliche Mehrwertsteuer und sonstige Preisbestandteile.<\/p>\n\n\n\n<p>5.2 Zus\u00e4tzlich zu den angegebenen Preisen berechnen wir f\u00fcr die Lieferung innerhalb Deutschlands keine Versandkosten.<\/p>\n\n\n\n<h4>6. &nbsp;&nbsp;Versand und Lieferung<\/h4>\n\n\n\n<p>6.1 Die bestellten Waren werden innerhalb von 3 Tagen nach Zahlungseingang versandt.<\/p>\n\n\n\n<p>6.2 Die Lieferung erfolgt nur innerhalb Deutschlands mit DHL oder Hermes.<\/p>\n\n\n\n<h4>7. &nbsp;&nbsp;Zahlung<\/h4>\n\n\n\n<p>7.1 Die Zahlung erfolgt wahlweise per Vorkasse, bei Abholung oder per PayPal \/ Kreditkarte.<\/p>\n\n\n\n<p>7.2 Bei Auswahl der Zahlungsart Vorkasse nennen wir Ihnen unsere Bankverbindung in der Auftragsbest\u00e4tigung.<\/p>\n\n\n\n<h4>8. &nbsp;&nbsp;Eigentumsvorbehalt<\/h4>\n\n\n\n<p>Bis zur vollst\u00e4ndigen Zahlung bleibt die Ware unser Eigentum.<\/p>\n\n\n\n<h4>9. &nbsp;&nbsp;Urheberrecht<\/h4>\n\n\n\n<p>Alle Waren, auch in digitaler Form, die \u00fcber diese Webseite angeboten werden sind eine eigenst\u00e4ndige Arbeit von Martina Troike und dementsprechend weltweit urheberrechtlich gesch\u00fctzt. S\u00e4mtliche Abbildungen, Reproduktionen und Publikationen der Waren bed\u00fcrfen des Einverst\u00e4ndnisses von MT Gesundheitsmanagement Martina Troike.<\/p>\n\n\n\n<h4>10. &nbsp;&nbsp;Streitbeilegung<\/h4>\n\n\n\n<p>Die EU-Kommission hat eine Internetplattform zur Online-Beilegung von Streitigkeiten geschaffen. Die Plattform dient als Anlaufstelle zur au\u00dfergerichtlichen Beilegung von Streitigkeiten betreffend vertragliche Verpflichtungen, die aus Online-Kaufvertr\u00e4gen erwachsen. N\u00e4here Informationen sind unter dem folgenden Link verf\u00fcgbar: <a href=\"https:\/\/energiebilder-fuer-die-seele.de\/terms\/\">https:\/\/ec.europa.eu\/consumers\/odr\/main\/index.cfm?event=main.home2.show&amp;lng=DE<\/a>. Zur Teilnahme an einem Streitbeilegungsverfahren vor einer Verbraucherschlichtungsstelle sind wir weder bereit noch verpflichtet.<\/p>\n","protected":false},"excerpt":{"rendered":"<p>Allgemeine Gesch\u00e4ftsbedingungen 1. &nbsp;&nbsp;Geltungsbereich 2. &nbsp;&nbsp;Vertragspartner 3. &nbsp;&nbsp;Vertragsschluss 4. &nbsp;&nbsp;Widerrufsrecht 5. &nbsp;&nbsp;Preise und Versandkosten 6. &nbsp;&nbsp;Versand und Lieferung 7. &nbsp;&nbsp;Zahlung&#8230;<\/p>\n","protected":false},"author":1,"featured_media":0,"parent":0,"menu_order":0,"comment_status":"closed","ping_status":"closed","template":"","meta":[],"_links":{"self":[{"href":"https:\/\/energiebilder-seelenheilung.de\/woocommerce\/wp-json\/wp\/v2\/pages\/2295"}],"collection":[{"href":"https:\/\/energiebilder-seelenheilung.de\/woocommerce\/wp-json\/wp\/v2\/pages"}],"about":[{"href":"https:\/\/energiebilder-seelenheilung.de\/woocommerce\/wp-json\/wp\/v2\/types\/page"}],"author":[{"embeddable":true,"href":"https:\/\/energiebilder-seelenheilung.de\/woocommerce\/wp-json\/wp\/v2\/users\/1"}],"replies":[{"embeddable":true,"href":"https:\/\/energiebilder-seelenheilung.de\/woocommerce\/wp-json\/wp\/v2\/comments?post=2295"}],"version-history":[{"count":3,"href":"https:\/\/energiebilder-seelenheilung.de\/woocommerce\/wp-json\/wp\/v2\/pages\/2295\/revisions"}],"predecessor-version":[{"id":3128,"href":"https:\/\/energiebilder-seelenheilung.de\/woocommerce\/wp-json\/wp\/v2\/pages\/2295\/revisions\/3128"}],"wp:attachment":[{"href":"https:\/\/energiebilder-seelenheilung.de\/woocommerce\/wp-json\/wp\/v2\/media?parent=2295"}],"curies":[{"name":"wp","href":"https:\/\/api.w.org\/{rel}","templated":true}]}}